{"id":11973,"date":"2022-09-19T19:39:38","date_gmt":"2022-09-19T19:39:38","guid":{"rendered":"https:\/\/www.headese.gov.co\/2021\/?page_id=11973"},"modified":"2022-09-26T19:26:17","modified_gmt":"2022-09-26T19:26:17","slug":"laboratorio-clinico","status":"publish","type":"page","link":"https:\/\/www.headese.gov.co\/2021\/laboratorio-clinico\/","title":{"rendered":"laboratorio cl\u00ednico"},"content":{"rendered":"<h2><span style=\"color: #00ccff;\"><strong>LABORATORIO CL\u00cdNICO<\/strong><\/span><\/h2>\n<p>&nbsp;<\/p>\n<p><img loading=\"lazy\" class=\"aligncenter wp-image-11978\" title=\"Equipos de \u00faltima tecnolog\u00eda en el laboratorio del HEAD \" src=\"https:\/\/www.headese.gov.co\/2021\/wp-content\/uploads\/2022\/09\/IMAGEN-LAB-300x165.png\" alt=\"\" width=\"718\" height=\"395\" srcset=\"https:\/\/www.headese.gov.co\/2021\/wp-content\/uploads\/2022\/09\/IMAGEN-LAB-300x165.png 300w, https:\/\/www.headese.gov.co\/2021\/wp-content\/uploads\/2022\/09\/IMAGEN-LAB-768x421.png 768w, https:\/\/www.headese.gov.co\/2021\/wp-content\/uploads\/2022\/09\/IMAGEN-LAB-640x351.png 640w, https:\/\/www.headese.gov.co\/2021\/wp-content\/uploads\/2022\/09\/IMAGEN-LAB.png 904w\" sizes=\"(max-width: 718px) 100vw, 718px\" \/><\/p>\n<p>&nbsp;<\/p>\n<p>El laboratorio Cl\u00ednico del Hospital Eduardo Arredondo Daza contribuye en nuestra misi\u00f3n trabajar con profesionales altamente calificados, competentes, comprometido con la seguridad del paciente aportando sus conocimientos y experiencia en cada una de las \u00e1reas de procesamiento<strong>, brindando<\/strong> resultados de calidad con tecnolog\u00eda de la m\u00e1s alta calidad, y continuidad en el proceso de atenci\u00f3n ofreciendo resultados exactos, confiables y oportunos.\u00a0 En la actualidad contamos con equipos de avanzada tecnolog\u00eda manejados por personal altamente capacitado y competente.<\/p>\n<p>Estos estudios cl\u00ednicos contribuyen al an\u00e1lisis, que sirven de apoyo diagn\u00f3stico para su adecuado tratamiento de las enfermedades de nuestros usuarios.<\/p>\n<p>La toma de muestras se realiza en el servicio de laboratorio cl\u00ednico ubicado en cada sede del hospital Eduardo Arredondo daza ofreciendo un variado n\u00famero de pruebas, Todo esto junto al adecuado desempe\u00f1o del control de calidad interno y externo nos permiten asegurar la calidad de los resultados<\/p>\n<p>El control de calidad en el Laboratorio est\u00e1 dado por el control de calidad interno y externo:<\/p>\n<p><strong>Control de calidad interno<\/strong>:\u00a0 Consiste en procesar muestras patr\u00f3n que se adquieren en forma independiente a los reactivos de prueba denominados controles de tercera opini\u00f3n y sirven para corroborar la reproducibilidad de las pruebas y la confiabilidad de los equipos. Como parte del aseguramiento de la calidad en el laboratorio cl\u00ednico, estos controles se procesan diariamente, por prueba y por turno y los resultados se registran en el software RIQAS 24\/7 en donde son analizados el coeficiente de variaci\u00f3n, la desviaci\u00f3n est\u00e1ndar, sesgo y error total frente a los criterios de variabilidad biol\u00f3gica con lo cual se asegura la validez de los resultados de los diferentes analitos<\/p>\n<p><strong>Control de calidad externo:<\/strong> Consiste en recibido de muestras ciegas de proveedores certificados con los cuales se ha establecido un convenio, \u00e9stas son procesadas en el Laboratorio en las diferentes sedes San Martin, Nevada Rafael Valle Mesa y los resultados son enviados para su an\u00e1lisis estad\u00edstico frente a resultados de otros laboratorios inscritos en el programa, con lo que se eval\u00faa la exactitud de los resultados emitidos por el Laboratorio.<\/p>\n<p style=\"text-align: left;\"><img loading=\"lazy\" class=\"aligncenter wp-image-11979\" title=\"Profesional en el laboratorio HEAD\" src=\"https:\/\/www.headese.gov.co\/2021\/wp-content\/uploads\/2022\/09\/LABORATORIO-300x223.jpg\" alt=\"\" width=\"718\" height=\"534\" srcset=\"https:\/\/www.headese.gov.co\/2021\/wp-content\/uploads\/2022\/09\/LABORATORIO-300x223.jpg 300w, https:\/\/www.headese.gov.co\/2021\/wp-content\/uploads\/2022\/09\/LABORATORIO-768x571.jpg 768w, https:\/\/www.headese.gov.co\/2021\/wp-content\/uploads\/2022\/09\/LABORATORIO-640x476.jpg 640w, https:\/\/www.headese.gov.co\/2021\/wp-content\/uploads\/2022\/09\/LABORATORIO.jpg 811w\" sizes=\"(max-width: 718px) 100vw, 718px\" \/><\/p>\n<p>El an\u00e1lisis de muestras est\u00e1 organizado por secciones:<\/p>\n<ul>\n<li>Hematolog\u00eda<\/li>\n<li>Microbiolog\u00eda<\/li>\n<li>Inmunolog\u00eda<\/li>\n<li>Uroan\u00e1lisis<\/li>\n<li>Parasitolog\u00eda<\/li>\n<li>Qu\u00edmica<\/li>\n<li>Programas especiales (TBC, malaria, lesman\u00eda)<\/li>\n<\/ul>\n<p>La toma de muestras de consulta externa se efect\u00faa en el servicio de laboratorio cl\u00ednico en cada sede: San Mart\u00edn, Carmen, nevada, CDV, Rafael Valle Mesa y zona rural: Patillal y Mariangola.<\/p>\n<p><span style=\"color: #00ccff;\"><u>HORARIO DE ATENCI\u00d3N<\/u><u>:<\/u><\/span><\/p>\n<p>TOMA DE MUESTRA DE CONSULTA EXTERNA: lunes a viernes de 7:00 am. &#8211; 9:30 a.m.<\/p>\n<p>S\u00e1bado: Rafael Valle Meza, y Nevada de 7am-9am Maternas<\/p>\n<p>URGENCIA: 24 horas; en la sede: Nevada, CDV, Rafael Valle Meza<\/p>\n<p>ENTREGA DE RESULTADOS: De lunes a viernes de 10:00 a.m. \u2013 2:00 p.m.<\/p>\n<p><strong><u>DOCUMENTOS REQUERIDOS:\u00a0\u00a0<\/u><\/strong><\/p>\n<p><span style=\"color: #00ccff;\">TOMA DE MUESTRA:<\/span><\/p>\n<ul>\n<li>Orden m\u00e9dica,<\/li>\n<li>Documento de identidad<\/li>\n<li>Factura<\/li>\n<\/ul>\n<p><span style=\"color: #00ccff;\">ENTREGA DE RESULTADOS:<\/span><\/p>\n<ul>\n<li>Documento de identidad<\/li>\n<\/ul>\n<p>&nbsp;<\/p>\n<p>&nbsp;<\/p>\n","protected":false},"excerpt":{"rendered":"<p>LABORATORIO CL\u00cdNICO &nbsp; &nbsp; El laboratorio Cl\u00ednico del Hospital Eduardo Arredondo Daza contribuye en nuestra misi\u00f3n trabajar con profesionales altamente calificados, competentes, comprometido con la seguridad del paciente aportando sus conocimientos y experiencia en cada una de las \u00e1reas de procesamiento, brindando resultados de calidad con tecnolog\u00eda de la m\u00e1s alta calidad, y continuidad en [&hellip;]<\/p>\n","protected":false},"author":1,"featured_media":0,"parent":0,"menu_order":0,"comment_status":"closed","ping_status":"closed","template":"","meta":[],"_links":{"self":[{"href":"https:\/\/www.headese.gov.co\/2021\/wp-json\/wp\/v2\/pages\/11973"}],"collection":[{"href":"https:\/\/www.headese.gov.co\/2021\/wp-json\/wp\/v2\/pages"}],"about":[{"href":"https:\/\/www.headese.gov.co\/2021\/wp-json\/wp\/v2\/types\/page"}],"author":[{"embeddable":true,"href":"https:\/\/www.headese.gov.co\/2021\/wp-json\/wp\/v2\/users\/1"}],"replies":[{"embeddable":true,"href":"https:\/\/www.headese.gov.co\/2021\/wp-json\/wp\/v2\/comments?post=11973"}],"version-history":[{"count":8,"href":"https:\/\/www.headese.gov.co\/2021\/wp-json\/wp\/v2\/pages\/11973\/revisions"}],"predecessor-version":[{"id":12258,"href":"https:\/\/www.headese.gov.co\/2021\/wp-json\/wp\/v2\/pages\/11973\/revisions\/12258"}],"wp:attachment":[{"href":"https:\/\/www.headese.gov.co\/2021\/wp-json\/wp\/v2\/media?parent=11973"}],"curies":[{"name":"wp","href":"https:\/\/api.w.org\/{rel}","templated":true}]}}